{"id":659,"date":"2015-07-07T13:09:45","date_gmt":"2015-07-07T11:09:45","guid":{"rendered":"http:\/\/www.piazzaduomoparma.com\/en\/sasso\/"},"modified":"2018-08-01T12:21:16","modified_gmt":"2018-08-01T10:21:16","slug":"sasso","status":"publish","type":"page","link":"https:\/\/www.piazzaduomoparma.com\/en\/approfondimenti\/pievi-e-monasteri-in-terra-parmense\/sasso\/","title":{"rendered":"Sasso"},"content":{"rendered":"<p>PIEVE DI SANTA MARIA ASSUNTA<br \/>\nTradizionalmente annoverata tra le pievi matildiche, la pieve di Santa Maria Assunta di Sasso, nei pressi di Neviano degli Arduini, si eleva ancor oggi su un colle solitario, in conci di pietra squadrata e copertura in ardesia. La contessa Matilde di Canossa, nella sua strenua fedelt\u00e0 alla Chiesa, favor\u00ec e incentiv\u00f2 l\u2019erezione o la sistemazione di chiese e cappelle nei suoi territori, anche in ottemperanza a quell\u2019atteggiamento munifico che ebbero i signori del medioevo nei confronti della Chiesa. La difesa della causa papale era una radicata tradizione per la sua famiglia: Adalberto Atto di Canossa, il capostipite, era infatti vassallo del vescovo di Reggio Emilia e difese la futura imperatrice Adelaide, vedova di Lotario \u2013 del quale Aldalberto era vassallo \u2013 quando era prigioniera del re Berengario II. L\u2019imperatore Ottone di Germania lo ricompens\u00f2, una volta sposata Adelaide, assegnandogli delle terre nei territori di Mantova, Reggio e Modena. Qui Tedaldo, figlio di Adalberto Atto, fond\u00f2 il famoso monastero di San Benedetto al Polirone nel 1007, tra i territori mantovano e reggiano, in piene zone canossiane. Matilde raccolse la loro eredit\u00e0: nei suoi castelli trovarono ospitalit\u00e0 i papi in un\u2019epoca per loro molto travagliata come fu il periodo della lotta delle investiture; si ricordi per tutti il celeberrimo caso della cosiddetta \u201cumiliazione di Canossa\u201d in cui Matilde, mentre ospitava nel suo castello di Canossa Gregorio VII, ricevette Enrico IV penitente nei confronti del papa. La contessa \u00e8 descritta da Donizone come donna molto ardente nel culto divino, tanto che il biografo dedic\u00f2 a questo aspetto della personalit\u00e0 di lei la parte conclusiva della sua Vita Mathildis: sorreggeva la Chiesa ed i miseri con le sue sostanze, trascorreva la notte pregando sui salmi divini, collezionava oggetti d\u2019arte sacra, fu pellegrina lei stessa ai luoghi santi: in questo quadro \u00e8 evidente come le pie fondazioni matildiche abbiano ben avuto ragione di essere.<br \/>\nLa signora di Toscana appoggi\u00f2 inoltre il progetto riformatore promosso dalla potentissima abbazia borgognona di Cluny \u2013 non a caso anche Ugo, abate di Cluny, era presso Matilde al momento di ricevere Enrico IV penitente \u2013 operando attraverso la costituzione di pievi e ospedali nelle sue terre affinch\u00e9 la Chiesa ufficiale trionfasse contro l\u2019eresia. I cluniacensi, tra l\u2019altro, furono energici promotori del culto di san Giacomo, legato alle vie di pellegrinaggio, percorse, come gi\u00e0 detto, dalla nobildonna.<br \/>\nLa pieve di Santa Maria de Saxo, gi\u00e0 ricordata fin dall\u2019inizio del secolo XI, fu ricostruita, pare per volont\u00e0 di Matilde, alla fine del secolo. La sua struttura, tipica delle chiese dell\u2019epoca, \u00e8 a tre navate con sei arcate separate da colonne a fusto tondo in cotto e soffitto a capriate; il pavimento \u2013 lievemente pendente e in silice \u2013 insieme alle lastre che ornano la chiesa (con simboli evangelici quali il leone di san Marco e quello che sembra essere il simbolo dell\u2019evangelista Matteo, l\u2019angelo) e ai consunti affreschi dell\u2019abside rendono il luogo assai suggestivo. Data la funzione plebana non manca la vasca battesimale \u2013 anche se di restauro \u2013 risalente al secolo XII, con temi desunti dai bestiari medievali come il grifo accanto alla figura umana che benedice con una mano e tiene l\u2019olio sacro nell\u2019altra o la colomba con un fiore nel becco. Esternamente la facciata \u00e8 divisa da lesene sormontate dai tipici archetti pensili che la dividono in tre parti. La parte pi\u00f9 antica, probabilmente precedente all\u2019intervento matildico, sembra essere quella della vecchia torre collocata posteriormente all\u2019abside, ma \u00e8 doveroso ricordare che la chiesa sub\u00ec diversi rimaneggiamenti. La sua importanza \u00e8 attestata, in epoca medievale, ancora nel XIII secolo quando troviamo alle sue dipendenze, nel 1230, ben tredici cappelle della zona: San Martino di Mozzano, Selvazzano, Ceretolo, Cedono, Urzano, Lodrignano, Vezzano, Pietta, Moragnano, Madurera, Antignola, Antriola, e San Lorenzo di Campora. (E.B.)<\/p>\n<p>I testi sono tratti da: Per antichi cammini. Il Medioevo a Parma e provincia. Milano, Silvana Editoriale, 2003.<\/p>\n","protected":false},"excerpt":{"rendered":"<p>PIEVE DI SANTA MARIA ASSUNTA Tradizionalmente annoverata tra le pievi matildiche, la pieve di Santa Maria Assunta di Sasso, nei pressi di Neviano degli Arduini, si eleva ancor oggi su un colle solitario, in conci di pietra squadrata e copertura in ardesia. La contessa Matilde di Canossa, nella sua strenua fedelt\u00e0 alla Chiesa, favor\u00ec e [&hellip;]<\/p>\n","protected":false},"author":3,"featured_media":0,"parent":656,"menu_order":30,"comment_status":"closed","ping_status":"closed","template":"page-custom.php","meta":{"footnotes":""},"class_list":["post-659","page","type-page","status-publish","hentry"],"yoast_head":"<!-- This site is optimized with the Yoast SEO plugin v23.9 - https:\/\/yoast.com\/wordpress\/plugins\/seo\/ -->\n<title>Sasso - Piazza Duomo Parma en<\/title>\n<meta name=\"robots\" content=\"index, follow, max-snippet:-1, max-image-preview:large, max-video-preview:-1\" \/>\n<link rel=\"canonical\" href=\"https:\/\/www.piazzaduomoparma.com\/en\/approfondimenti\/pievi-e-monasteri-in-terra-parmense\/sasso\/\" \/>\n<meta property=\"og:locale\" content=\"en_US\" \/>\n<meta property=\"og:type\" content=\"article\" \/>\n<meta property=\"og:title\" content=\"Sasso - Piazza Duomo Parma en\" \/>\n<meta property=\"og:description\" content=\"PIEVE DI SANTA MARIA ASSUNTA Tradizionalmente annoverata tra le pievi matildiche, la pieve di Santa Maria Assunta di Sasso, nei pressi di Neviano degli Arduini, si eleva ancor oggi su un colle solitario, in conci di pietra squadrata e copertura in ardesia. La contessa Matilde di Canossa, nella sua strenua fedelt\u00e0 alla Chiesa, favor\u00ec e [&hellip;]\" \/>\n<meta property=\"og:url\" content=\"https:\/\/www.piazzaduomoparma.com\/en\/approfondimenti\/pievi-e-monasteri-in-terra-parmense\/sasso\/\" \/>\n<meta property=\"og:site_name\" content=\"Piazza Duomo Parma en\" \/>\n<meta property=\"article:modified_time\" content=\"2018-08-01T10:21:16+00:00\" \/>\n<meta name=\"twitter:label1\" content=\"Est. reading time\" \/>\n\t<meta name=\"twitter:data1\" content=\"3 minutes\" \/>\n<script type=\"application\/ld+json\" class=\"yoast-schema-graph\">{\"@context\":\"https:\/\/schema.org\",\"@graph\":[{\"@type\":\"WebPage\",\"@id\":\"https:\/\/www.piazzaduomoparma.com\/en\/approfondimenti\/pievi-e-monasteri-in-terra-parmense\/sasso\/\",\"url\":\"https:\/\/www.piazzaduomoparma.com\/en\/approfondimenti\/pievi-e-monasteri-in-terra-parmense\/sasso\/\",\"name\":\"Sasso - Piazza Duomo Parma en\",\"isPartOf\":{\"@id\":\"https:\/\/www.piazzaduomoparma.com\/en\/#website\"},\"datePublished\":\"2015-07-07T11:09:45+00:00\",\"dateModified\":\"2018-08-01T10:21:16+00:00\",\"breadcrumb\":{\"@id\":\"https:\/\/www.piazzaduomoparma.com\/en\/approfondimenti\/pievi-e-monasteri-in-terra-parmense\/sasso\/#breadcrumb\"},\"inLanguage\":\"en-US\",\"potentialAction\":[{\"@type\":\"ReadAction\",\"target\":[\"https:\/\/www.piazzaduomoparma.com\/en\/approfondimenti\/pievi-e-monasteri-in-terra-parmense\/sasso\/\"]}]},{\"@type\":\"BreadcrumbList\",\"@id\":\"https:\/\/www.piazzaduomoparma.com\/en\/approfondimenti\/pievi-e-monasteri-in-terra-parmense\/sasso\/#breadcrumb\",\"itemListElement\":[{\"@type\":\"ListItem\",\"position\":1,\"name\":\"Approfondimenti\",\"item\":\"https:\/\/www.piazzaduomoparma.com\/en\/approfondimenti\/\"},{\"@type\":\"ListItem\",\"position\":2,\"name\":\"Pievi e Monasteri in terra parmense\",\"item\":\"https:\/\/www.piazzaduomoparma.com\/en\/approfondimenti\/pievi-e-monasteri-in-terra-parmense\/\"},{\"@type\":\"ListItem\",\"position\":3,\"name\":\"Sasso\"}]},{\"@type\":\"WebSite\",\"@id\":\"https:\/\/www.piazzaduomoparma.com\/en\/#website\",\"url\":\"https:\/\/www.piazzaduomoparma.com\/en\/\",\"name\":\"Piazza Duomo Parma en\",\"description\":\"\",\"potentialAction\":[{\"@type\":\"SearchAction\",\"target\":{\"@type\":\"EntryPoint\",\"urlTemplate\":\"https:\/\/www.piazzaduomoparma.com\/en\/?s={search_term_string}\"},\"query-input\":{\"@type\":\"PropertyValueSpecification\",\"valueRequired\":true,\"valueName\":\"search_term_string\"}}],\"inLanguage\":\"en-US\"}]}<\/script>\n<!-- \/ Yoast SEO plugin. -->","yoast_head_json":{"title":"Sasso - Piazza Duomo Parma en","robots":{"index":"index","follow":"follow","max-snippet":"max-snippet:-1","max-image-preview":"max-image-preview:large","max-video-preview":"max-video-preview:-1"},"canonical":"https:\/\/www.piazzaduomoparma.com\/en\/approfondimenti\/pievi-e-monasteri-in-terra-parmense\/sasso\/","og_locale":"en_US","og_type":"article","og_title":"Sasso - Piazza Duomo Parma en","og_description":"PIEVE DI SANTA MARIA ASSUNTA Tradizionalmente annoverata tra le pievi matildiche, la pieve di Santa Maria Assunta di Sasso, nei pressi di Neviano degli Arduini, si eleva ancor oggi su un colle solitario, in conci di pietra squadrata e copertura in ardesia. La contessa Matilde di Canossa, nella sua strenua fedelt\u00e0 alla Chiesa, favor\u00ec e [&hellip;]","og_url":"https:\/\/www.piazzaduomoparma.com\/en\/approfondimenti\/pievi-e-monasteri-in-terra-parmense\/sasso\/","og_site_name":"Piazza Duomo Parma en","article_modified_time":"2018-08-01T10:21:16+00:00","twitter_misc":{"Est. reading time":"3 minutes"},"schema":{"@context":"https:\/\/schema.org","@graph":[{"@type":"WebPage","@id":"https:\/\/www.piazzaduomoparma.com\/en\/approfondimenti\/pievi-e-monasteri-in-terra-parmense\/sasso\/","url":"https:\/\/www.piazzaduomoparma.com\/en\/approfondimenti\/pievi-e-monasteri-in-terra-parmense\/sasso\/","name":"Sasso - Piazza Duomo Parma en","isPartOf":{"@id":"https:\/\/www.piazzaduomoparma.com\/en\/#website"},"datePublished":"2015-07-07T11:09:45+00:00","dateModified":"2018-08-01T10:21:16+00:00","breadcrumb":{"@id":"https:\/\/www.piazzaduomoparma.com\/en\/approfondimenti\/pievi-e-monasteri-in-terra-parmense\/sasso\/#breadcrumb"},"inLanguage":"en-US","potentialAction":[{"@type":"ReadAction","target":["https:\/\/www.piazzaduomoparma.com\/en\/approfondimenti\/pievi-e-monasteri-in-terra-parmense\/sasso\/"]}]},{"@type":"BreadcrumbList","@id":"https:\/\/www.piazzaduomoparma.com\/en\/approfondimenti\/pievi-e-monasteri-in-terra-parmense\/sasso\/#breadcrumb","itemListElement":[{"@type":"ListItem","position":1,"name":"Approfondimenti","item":"https:\/\/www.piazzaduomoparma.com\/en\/approfondimenti\/"},{"@type":"ListItem","position":2,"name":"Pievi e Monasteri in terra parmense","item":"https:\/\/www.piazzaduomoparma.com\/en\/approfondimenti\/pievi-e-monasteri-in-terra-parmense\/"},{"@type":"ListItem","position":3,"name":"Sasso"}]},{"@type":"WebSite","@id":"https:\/\/www.piazzaduomoparma.com\/en\/#website","url":"https:\/\/www.piazzaduomoparma.com\/en\/","name":"Piazza Duomo Parma en","description":"","potentialAction":[{"@type":"SearchAction","target":{"@type":"EntryPoint","urlTemplate":"https:\/\/www.piazzaduomoparma.com\/en\/?s={search_term_string}"},"query-input":{"@type":"PropertyValueSpecification","valueRequired":true,"valueName":"search_term_string"}}],"inLanguage":"en-US"}]}},"_links":{"self":[{"href":"https:\/\/www.piazzaduomoparma.com\/en\/wp-json\/wp\/v2\/pages\/659","targetHints":{"allow":["GET"]}}],"collection":[{"href":"https:\/\/www.piazzaduomoparma.com\/en\/wp-json\/wp\/v2\/pages"}],"about":[{"href":"https:\/\/www.piazzaduomoparma.com\/en\/wp-json\/wp\/v2\/types\/page"}],"author":[{"embeddable":true,"href":"https:\/\/www.piazzaduomoparma.com\/en\/wp-json\/wp\/v2\/users\/3"}],"replies":[{"embeddable":true,"href":"https:\/\/www.piazzaduomoparma.com\/en\/wp-json\/wp\/v2\/comments?post=659"}],"version-history":[{"count":1,"href":"https:\/\/www.piazzaduomoparma.com\/en\/wp-json\/wp\/v2\/pages\/659\/revisions"}],"predecessor-version":[{"id":809,"href":"https:\/\/www.piazzaduomoparma.com\/en\/wp-json\/wp\/v2\/pages\/659\/revisions\/809"}],"up":[{"embeddable":true,"href":"https:\/\/www.piazzaduomoparma.com\/en\/wp-json\/wp\/v2\/pages\/656"}],"wp:attachment":[{"href":"https:\/\/www.piazzaduomoparma.com\/en\/wp-json\/wp\/v2\/media?parent=659"}],"curies":[{"name":"wp","href":"https:\/\/api.w.org\/{rel}","templated":true}]}}